{"id":3,"date":"2021-06-14T18:47:27","date_gmt":"2021-06-14T18:47:27","guid":{"rendered":"https:\/\/infirmieres-rouvroy.fr\/?page_id=3"},"modified":"2021-06-15T21:30:32","modified_gmt":"2021-06-15T21:30:32","slug":"mentions-legales","status":"publish","type":"page","link":"https:\/\/infirmieres-rouvroy.fr\/?page_id=3","title":{"rendered":"mentions l\u00e9gales"},"content":{"rendered":"\n<h2 class=\"wp-block-heading\">QUI SOMMES-NOUS&nbsp;?<\/h2>\n\n\n\n<p>Le site internet\u00a0<a href=\"https:\/\/infirmieres-rouvroy.fr\/\">infirmieres-rouvroy.fr<\/a>\u00a0est la propri\u00e9t\u00e9 de Monsieur Gonzague THIERY soci\u00e9t\u00e9 La Monjoie dont le si\u00e8ge social est situ\u00e9 231, Rue Robert Ayl\u00e9 62110 H\u00e9nin-Beaumont T\u00e9l : 03 21 49 99 99<\/p>\n\n\n\n<p>Pour nous contacter :&nbsp;<a href=\"mailto:contact@lamonjoie.com\">contact@lamonjoie.com<\/a><\/p>\n\n\n\n<p>Notre site est h\u00e9berg\u00e9 par O2SWITCH \/ Siret : 510 909 807 00024 \/ RCS Clermont Ferrand<\/p>\n\n\n\n<p>Le site a \u00e9t\u00e9 con\u00e7u et r\u00e9alis\u00e9 par HBMGWEB&nbsp;<a href=\"https:\/\/webdesigner-nord.fr\/\" target=\"_blank\" rel=\"noreferrer noopener\">https:\/\/webdesigner-nord.fr<\/a>&nbsp;\/ SASU Domicili\u00e9e \u00e0 Brebi\u00e8res \/ Immatriculation au R.C.S : 894 214 261<\/p>\n\n\n\n<h2 class=\"wp-block-heading\">POLITIQUE DE CONFIDENTIALIT\u00c9<\/h2>\n\n\n\n<h3 class=\"wp-block-heading\">COOKIES<\/h3>\n\n\n\n<p>Ce site web n\u2019utilise que des cookies strictement n\u00e9cessaires \u00e0 son fonctionnement.<\/p>\n","protected":false},"excerpt":{"rendered":"<p>QUI SOMMES-NOUS&nbsp;? Le site internet\u00a0infirmieres-rouvroy.fr\u00a0est la propri\u00e9t\u00e9 de Monsieur Gonzague THIERY soci\u00e9t\u00e9 La Monjoie dont le si\u00e8ge social est situ\u00e9 231, Rue Robert Ayl\u00e9 62110 H\u00e9nin-Beaumont T\u00e9l : 03 21 49 99 99 Pour nous contacter :&nbsp;contact@lamonjoie.com Notre site est h\u00e9berg\u00e9 par O2SWITCH \/ Siret : 510 909 807 00024 \/ RCS Clermont Ferrand Le &hellip;<\/p>\n<p class=\"read-more\"> <a class=\"\" href=\"https:\/\/infirmieres-rouvroy.fr\/?page_id=3\"> <span class=\"screen-reader-text\">mentions l\u00e9gales<\/span> Lire la suite\u00a0\u00bb<\/a><\/p>\n","protected":false},"author":1,"featured_media":0,"parent":0,"menu_order":0,"comment_status":"closed","ping_status":"closed","template":"","meta":{"footnotes":""},"class_list":["post-3","page","type-page","status-publish","hentry"],"_links":{"self":[{"href":"https:\/\/infirmieres-rouvroy.fr\/index.php?rest_route=\/wp\/v2\/pages\/3","targetHints":{"allow":["GET"]}}],"collection":[{"href":"https:\/\/infirmieres-rouvroy.fr\/index.php?rest_route=\/wp\/v2\/pages"}],"about":[{"href":"https:\/\/infirmieres-rouvroy.fr\/index.php?rest_route=\/wp\/v2\/types\/page"}],"author":[{"embeddable":true,"href":"https:\/\/infirmieres-rouvroy.fr\/index.php?rest_route=\/wp\/v2\/users\/1"}],"replies":[{"embeddable":true,"href":"https:\/\/infirmieres-rouvroy.fr\/index.php?rest_route=%2Fwp%2Fv2%2Fcomments&post=3"}],"version-history":[{"count":2,"href":"https:\/\/infirmieres-rouvroy.fr\/index.php?rest_route=\/wp\/v2\/pages\/3\/revisions"}],"predecessor-version":[{"id":9,"href":"https:\/\/infirmieres-rouvroy.fr\/index.php?rest_route=\/wp\/v2\/pages\/3\/revisions\/9"}],"wp:attachment":[{"href":"https:\/\/infirmieres-rouvroy.fr\/index.php?rest_route=%2Fwp%2Fv2%2Fmedia&parent=3"}],"curies":[{"name":"wp","href":"https:\/\/api.w.org\/{rel}","templated":true}]}}